{"id":9221,"date":"2022-09-22T12:24:07","date_gmt":"2022-09-22T10:24:07","guid":{"rendered":"https:\/\/www.relentlessmethod.com\/rm-2-0\/?page_id=9221"},"modified":"2024-08-16T13:34:48","modified_gmt":"2024-08-16T11:34:48","slug":"privacy-policy","status":"publish","type":"page","link":"https:\/\/www.relentlessmethod.com\/es\/privacy-policy\/","title":{"rendered":"Pol\u00edtica de privacidad"},"content":{"rendered":"<div data-elementor-type=\"wp-page\" data-elementor-id=\"9221\" class=\"elementor elementor-9221\" data-elementor-post-type=\"page\">\n\t\t\t\t\t\t<section data-particle_enable=\"false\" data-particle-mobile-disabled=\"false\" class=\"elementor-section elementor-top-section elementor-element elementor-element-b28d83e elementor-section-boxed elementor-section-height-default elementor-section-height-default\" data-id=\"b28d83e\" data-element_type=\"section\" data-e-type=\"section\" data-settings=\"{&quot;_ob_glider_is_slider&quot;:&quot;no&quot;}\">\n\t\t\t\t\t\t<div class=\"elementor-container elementor-column-gap-default\">\n\t\t\t\t\t<div class=\"elementor-column elementor-col-100 elementor-top-column elementor-element elementor-element-501a60b\" data-id=\"501a60b\" data-element_type=\"column\" data-e-type=\"column\" data-settings=\"{&quot;_ob_column_hoveranimator&quot;:&quot;no&quot;,&quot;_ob_column_has_pseudo&quot;:&quot;no&quot;}\">\n\t\t\t<div class=\"elementor-widget-wrap elementor-element-populated\">\n\t\t\t\t\t\t<div class=\"elementor-element elementor-element-1af0e3f ob-harakiri-inherit ob-has-background-overlay elementor-widget elementor-widget-heading\" data-id=\"1af0e3f\" data-element_type=\"widget\" data-e-type=\"widget\" data-settings=\"{&quot;_ob_use_harakiri&quot;:&quot;yes&quot;,&quot;_ob_harakiri_writing_mode&quot;:&quot;inherit&quot;,&quot;_ob_harakiri_text_clip&quot;:&quot;none&quot;,&quot;_ob_widget_stalker_use&quot;:&quot;no&quot;,&quot;_ob_poopart_use&quot;:&quot;yes&quot;,&quot;_ob_shadough_use&quot;:&quot;no&quot;,&quot;_ob_allow_hoveranimator&quot;:&quot;no&quot;}\" data-widget_type=\"heading.default\">\n\t\t\t\t<div class=\"elementor-widget-container\">\n\t\t\t\t\t<h1 class=\"elementor-heading-title elementor-size-default\">Pol\u00edtica de privacidad<\/h1>\t\t\t\t<\/div>\n\t\t\t\t<\/div>\n\t\t\t\t<div class=\"elementor-element elementor-element-789c9c6 ob-harakiri-inherit ob-has-background-overlay elementor-widget elementor-widget-text-editor\" data-id=\"789c9c6\" data-element_type=\"widget\" data-e-type=\"widget\" data-settings=\"{&quot;_ob_use_harakiri&quot;:&quot;yes&quot;,&quot;_ob_harakiri_writing_mode&quot;:&quot;inherit&quot;,&quot;_ob_postman_use&quot;:&quot;no&quot;,&quot;_ob_widget_stalker_use&quot;:&quot;no&quot;,&quot;_ob_poopart_use&quot;:&quot;yes&quot;,&quot;_ob_shadough_use&quot;:&quot;no&quot;,&quot;_ob_allow_hoveranimator&quot;:&quot;no&quot;}\" data-widget_type=\"text-editor.default\">\n\t\t\t\t<div class=\"elementor-widget-container\">\n\t\t\t\t\t\t\t\t\t<p>Relentless Method AB es la entidad jur\u00eddica de la marca.<\/p>\n<h5>\u00bfQu\u00e9 informaci\u00f3n recogemos?<\/h5>\n<p>Recogemos informaci\u00f3n suya cuando se registra en nuestro sitio.<\/p>\n<p>Al realizar un pedido o registrarse en nuestro sitio, seg\u00fan proceda, es posible que se le pida que introduzca su: nombre o direcci\u00f3n de correo electr\u00f3nico. No obstante, puede visitar nuestro sitio de forma an\u00f3nima.<\/p>\n<h5>\u00bfPara qu\u00e9 utilizamos sus datos?<\/h5>\n<p>Toda la informaci\u00f3n que recopilemos sobre usted podr\u00e1 utilizarse de una de las siguientes maneras:<\/p>\n<ul>\n<li>Para personalizar su experiencia<br>(su informaci\u00f3n nos ayuda a responder mejor a sus necesidades individuales)<\/li>\n<li>Para enviar correos electr\u00f3nicos peri\u00f3dicos<br>La direcci\u00f3n de correo electr\u00f3nico que proporcione para registrarse s\u00f3lo se utilizar\u00e1 para enviarle informaci\u00f3n y actualizaciones sobre Relentless.<\/li>\n<\/ul>\n<div>\n<p><b>Cifrado de datos y medidas de seguridad<\/b>:<br>En Relentless, damos prioridad a la seguridad y confidencialidad de tus datos. Aplicamos s\u00f3lidos m\u00e9todos de cifrado y medidas de seguridad para proteger tu informaci\u00f3n, especialmente en el caso de los usuarios que conectan sus cuentas de Google a nuestros servicios. Aqu\u00ed tienes un resumen de nuestras pr\u00e1cticas de cifrado:<\/p>\n<\/div>\n<div>\n<p><b>Datos en tr\u00e1nsito<\/b>: <br>Todos los datos transmitidos entre su dispositivo y nuestros servidores se cifran mediante protocolos TLS (Transport Layer Security) est\u00e1ndar del sector. Esto garantiza que su informaci\u00f3n permanezca segura durante la transmisi\u00f3n.<\/p>\n<\/div>\n<div>\n<p><b>Datos en reposo<\/b>: <br>Empleamos algoritmos de cifrado potentes para proteger los datos almacenados en nuestros servidores. Esto incluye todos los datos de usuario de Google que conservamos, como datos de actividad, mediciones corporales y m\u00e9tricas del sue\u00f1o.<\/p>\n<\/div>\n<div>\n<p><b>Controles de acceso<\/b>: <br>Utilizamos estrictos controles de acceso y mecanismos de autenticaci\u00f3n para garantizar que s\u00f3lo el personal autorizado pueda acceder a los datos encriptados. Esto ayuda a evitar el acceso no autorizado a su informaci\u00f3n.<\/p>\n<\/div>\n<div>\n<p><b>Auditor\u00edas de seguridad peri\u00f3dicas<\/b>: <br>Realizamos peri\u00f3dicamente auditor\u00edas de seguridad y evaluaciones de vulnerabilidad para identificar y solucionar posibles deficiencias en nuestros sistemas de cifrado y seguridad.<\/p>\n<\/div>\n<div>\n<p><b>Cumplimiento de las normas:<br><\/b> Nuestras pr\u00e1cticas de cifrado cumplen las normas y reglamentos del sector para garantizar el m\u00e1ximo nivel de protecci\u00f3n de datos.<\/p>\n<\/div>\n<div>\n<p><b>Control continuo<\/b>: <br>Empleamos sistemas de supervisi\u00f3n continua para detectar y responder a posibles amenazas a la seguridad en tiempo real.<\/p>\n<\/div>\n<div><p>Mediante la aplicaci\u00f3n de estas medidas de cifrado y seguridad, nos esforzamos por mantener la confidencialidad e integridad de sus datos, incluida cualquier informaci\u00f3n compartida a trav\u00e9s de las conexiones de las cuentas de Google. Nos comprometemos a mejorar continuamente nuestras pr\u00e1cticas de seguridad para adaptarnos a la evoluci\u00f3n de las amenazas y las tecnolog\u00edas.<\/p>\n<\/div>\n<p><b>Health Connect by Android Uso de datos<br><\/b>Relentless se integra con Health Connect de Android para proporcionar funciones mejoradas de seguimiento de la salud y la forma f\u00edsica. Cuando eliges conectar Relentless con Health Connect, podemos recopilar y procesar los siguientes tipos de datos:- Datos de actividad f\u00edsica (por ejemplo, pasos, distancia recorrida, calor\u00edas quemadas).<br>- Medidas corporales (por ejemplo, peso, altura, porcentaje de grasa corporal)<br>- Datos sobre el sue\u00f1o (por ejemplo, duraci\u00f3n, calidad)<br>- Otras m\u00e9tricas relacionadas con la salud disponibles a trav\u00e9s de Health Connect<\/p>\n<p><b>C\u00f3mo utilizamos los datos de Health Connect:<\/b><br>Utilizamos estos datos para proporcionar informaci\u00f3n personalizada, realizar un seguimiento de su progreso y mejorar su experiencia general con Relentless. Estos datos se tratan con la m\u00e1xima confidencialidad y est\u00e1n sujetos a las mismas rigurosas medidas de privacidad y seguridad descritas en nuestra pol\u00edtica de privacidad general.<\/p>\n<p><b>Protecci\u00f3n de datos para Health Connect:<\/b><br>Todos los datos recopilados a trav\u00e9s de Health Connect se cifran tanto en tr\u00e1nsito como en reposo, utilizando protocolos de cifrado est\u00e1ndar del sector. Empleamos estrictos controles de acceso para garantizar que s\u00f3lo el personal autorizado pueda acceder a estos datos con el fin de prestar y mejorar nuestros servicios.<\/p>\n<p><b>Derechos y control de los usuarios:<br><\/b>Tienes control total sobre tus datos de Health Connect. Puede revisar, editar o eliminar estos datos en cualquier momento a trav\u00e9s de la configuraci\u00f3n de Health Connect de su dispositivo o dentro de la aplicaci\u00f3n Relentless. Tambi\u00e9n puedes revocar el acceso de Relentless a los datos de Health Connect en cualquier momento.<\/p>\n<p><b>Conservaci\u00f3n y supresi\u00f3n:<br><\/b>Conservamos los datos de Health Connect s\u00f3lo durante el tiempo necesario para prestar nuestros servicios. Si decide desconectar Relentless de Health Connect o eliminar su cuenta de Relentless, todos los datos de Health Connect asociados se eliminar\u00e1n inmediatamente de nuestros sistemas.<\/p><p><b>Cambios en el uso de datos de Health Connect:<\/b><\/p>\n<p>Cualquier cambio en el modo en que recopilamos, utilizamos o compartimos los datos de Health Connect se comunicar\u00e1 mediante actualizaciones de esta pol\u00edtica de privacidad.&nbsp;<\/p>\n<p>Al conectar Relentless a Health Connect, usted reconoce y acepta estas pr\u00e1cticas de tratamiento de datos.<\/p>\n<p><b>Cifrado de datos y medidas de seguridad<br><\/b>En Relentless, damos prioridad a la seguridad y confidencialidad de tus datos. Aplicamos s\u00f3lidos m\u00e9todos de cifrado y medidas de seguridad para proteger tu informaci\u00f3n, especialmente en el caso de los usuarios que conectan sus cuentas de Google a nuestros servicios. Aqu\u00ed tienes un resumen de nuestras pr\u00e1cticas de cifrado:<\/p>\n<p><b>Datos en tr\u00e1nsito:<\/b> <br>Todos los datos transmitidos entre su dispositivo y nuestros servidores se cifran mediante protocolos TLS (Transport Layer Security) est\u00e1ndar del sector. Esto garantiza que su informaci\u00f3n permanezca segura durante la transmisi\u00f3n.<\/p>\n<p><b>Datos en reposo:<\/b> <br>Empleamos algoritmos de cifrado potentes para proteger los datos almacenados en nuestros servidores. Esto incluye todos los datos de usuario de Google que conservamos, como datos de actividad, mediciones corporales y m\u00e9tricas del sue\u00f1o.<\/p>\n<p><b>Controles de acceso: <br><\/b>Utilizamos estrictos controles de acceso y mecanismos de autenticaci\u00f3n para garantizar que s\u00f3lo el personal autorizado pueda acceder a los datos encriptados. Esto ayuda a evitar el acceso no autorizado a su informaci\u00f3n.<\/p>\n<p><b>Auditor\u00edas de seguridad peri\u00f3dicas:<\/b> <br>Realizamos peri\u00f3dicamente auditor\u00edas de seguridad y evaluaciones de vulnerabilidad para identificar y solucionar posibles deficiencias en nuestros sistemas de cifrado y seguridad.<\/p>\n<p><b>Cumplimiento de las normas:<br><\/b> Nuestras pr\u00e1cticas de cifrado cumplen las normas y reglamentos del sector para garantizar el m\u00e1ximo nivel de protecci\u00f3n de datos.<\/p>\n<p><b>Supervisi\u00f3n continua:<\/b>&nbsp;<br>Empleamos sistemas de supervisi\u00f3n continua para detectar y responder a posibles amenazas a la seguridad en tiempo real.<\/p>\n<p>Mediante la aplicaci\u00f3n de estas medidas de cifrado y seguridad, nos esforzamos por mantener la confidencialidad e integridad de sus datos, incluida cualquier informaci\u00f3n compartida a trav\u00e9s de las conexiones de las cuentas de Google. Nos comprometemos a mejorar continuamente nuestras pr\u00e1cticas de seguridad para adaptarnos a la evoluci\u00f3n de las amenazas y las tecnolog\u00edas.<\/p>\n<h5>\u00bfUtilizamos cookies?<\/h5>\n<p>S\u00ed (las cookies son peque\u00f1os archivos que un sitio o su proveedor de servicios transfiere al disco duro de su ordenador a trav\u00e9s de su navegador web (si usted lo permite) y que permiten a los sistemas de los sitios o proveedores de servicios reconocer su navegador y capturar y recordar cierta informaci\u00f3n).<\/p>\n<p>Utilizamos cookies para entender y guardar sus preferencias para futuras visitas.<\/p>\n<h5>\u00bfDivulgamos informaci\u00f3n a terceros?<\/h5>\n<p>No vendemos, intercambiamos ni transferimos a terceros sus datos personales. Esto no incluye a terceros de confianza que nos ayudan a operar nuestro sitio web, a llevar a cabo nuestro negocio o a prestarle servicios, siempre y cuando dichas partes se comprometan a mantener la confidencialidad de esta informaci\u00f3n. Tambi\u00e9n podemos divulgar su informaci\u00f3n cuando creamos que es apropiado para cumplir la ley, hacer cumplir las pol\u00edticas de nuestro sitio o proteger nuestros derechos, propiedad o seguridad o los de otros. No obstante, la informaci\u00f3n no personal de los visitantes puede ser facilitada a terceros para fines de marketing, publicidad u otros usos.<\/p>\n<h5>Protecci\u00f3n de datos en los pagos con tarjeta de cr\u00e9dito<\/h5>\n<p>Utilizamos m\u00e9todos de pago seguros con tarjetas de cr\u00e9dito a trav\u00e9s de Swedbank Pay, Stripe y Klarna. Todas las transacciones utilizan c\u00f3digo de seguridad CVV\/CVV2. Swedbank Pay utiliza 3D-secure. No recogemos los datos de su tarjeta de cr\u00e9dito, que es gestionado en su totalidad por Swedbank Pay.<\/p>\n<p>Copyright \u00a9 2024 M\u00e9todo Implacable<\/p>\t\t\t\t\t\t\t\t<\/div>\n\t\t\t\t<\/div>\n\t\t\t\t\t<\/div>\n\t\t<\/div>\n\t\t\t\t\t<\/div>\n\t\t<\/section>\n\t\t\t\t<\/div>","protected":false},"excerpt":{"rendered":"<p>Privacy Policy Relentless Method AB is the legal entity of the brand. What information do we collect? We collect information from you when you register on our site. When ordering or registering on our site, as appropriate, you may be asked to enter your: name or e-mail address. You may, however, visit our site anonymously. [&hellip;]<\/p>","protected":false},"author":711,"featured_media":0,"parent":0,"menu_order":16,"comment_status":"closed","ping_status":"closed","template":"","meta":{"_acf_changed":false,"inline_featured_image":false,"footnotes":""},"class_list":["post-9221","page","type-page","status-publish","hentry"],"acf":[],"publishpress_future_action":{"enabled":false,"date":"2026-04-27 05:58:12","action":"change-status","newStatus":"draft","terms":[],"taxonomy":""},"_links":{"self":[{"href":"https:\/\/www.relentlessmethod.com\/es\/wp-json\/wp\/v2\/pages\/9221"}],"collection":[{"href":"https:\/\/www.relentlessmethod.com\/es\/wp-json\/wp\/v2\/pages"}],"about":[{"href":"https:\/\/www.relentlessmethod.com\/es\/wp-json\/wp\/v2\/types\/page"}],"author":[{"embeddable":true,"href":"https:\/\/www.relentlessmethod.com\/es\/wp-json\/wp\/v2\/users\/711"}],"replies":[{"embeddable":true,"href":"https:\/\/www.relentlessmethod.com\/es\/wp-json\/wp\/v2\/comments?post=9221"}],"version-history":[{"count":22,"href":"https:\/\/www.relentlessmethod.com\/es\/wp-json\/wp\/v2\/pages\/9221\/revisions"}],"predecessor-version":[{"id":15154,"href":"https:\/\/www.relentlessmethod.com\/es\/wp-json\/wp\/v2\/pages\/9221\/revisions\/15154"}],"wp:attachment":[{"href":"https:\/\/www.relentlessmethod.com\/es\/wp-json\/wp\/v2\/media?parent=9221"}],"curies":[{"name":"wp","href":"https:\/\/api.w.org\/{rel}","templated":true}]}}