{"id":9221,"date":"2022-09-22T12:24:07","date_gmt":"2022-09-22T10:24:07","guid":{"rendered":"https:\/\/www.relentlessmethod.com\/rm-2-0\/?page_id=9221"},"modified":"2024-08-16T13:34:48","modified_gmt":"2024-08-16T11:34:48","slug":"privacy-policy","status":"publish","type":"page","link":"https:\/\/www.relentlessmethod.com\/fr\/privacy-policy\/","title":{"rendered":"Politique de confidentialit\u00e9"},"content":{"rendered":"<div data-elementor-type=\"wp-page\" data-elementor-id=\"9221\" class=\"elementor elementor-9221\" data-elementor-post-type=\"page\">\n\t\t\t\t\t\t<section data-particle_enable=\"false\" data-particle-mobile-disabled=\"false\" class=\"elementor-section elementor-top-section elementor-element elementor-element-b28d83e elementor-section-boxed elementor-section-height-default elementor-section-height-default\" data-id=\"b28d83e\" data-element_type=\"section\" data-e-type=\"section\" data-settings=\"{&quot;_ob_glider_is_slider&quot;:&quot;no&quot;}\">\n\t\t\t\t\t\t<div class=\"elementor-container elementor-column-gap-default\">\n\t\t\t\t\t<div class=\"elementor-column elementor-col-100 elementor-top-column elementor-element elementor-element-501a60b\" data-id=\"501a60b\" data-element_type=\"column\" data-e-type=\"column\" data-settings=\"{&quot;_ob_column_hoveranimator&quot;:&quot;no&quot;,&quot;_ob_column_has_pseudo&quot;:&quot;no&quot;}\">\n\t\t\t<div class=\"elementor-widget-wrap elementor-element-populated\">\n\t\t\t\t\t\t<div class=\"elementor-element elementor-element-1af0e3f ob-harakiri-inherit ob-has-background-overlay elementor-widget elementor-widget-heading\" data-id=\"1af0e3f\" data-element_type=\"widget\" data-e-type=\"widget\" data-settings=\"{&quot;_ob_use_harakiri&quot;:&quot;yes&quot;,&quot;_ob_harakiri_writing_mode&quot;:&quot;inherit&quot;,&quot;_ob_harakiri_text_clip&quot;:&quot;none&quot;,&quot;_ob_widget_stalker_use&quot;:&quot;no&quot;,&quot;_ob_poopart_use&quot;:&quot;yes&quot;,&quot;_ob_shadough_use&quot;:&quot;no&quot;,&quot;_ob_allow_hoveranimator&quot;:&quot;no&quot;}\" data-widget_type=\"heading.default\">\n\t\t\t\t<div class=\"elementor-widget-container\">\n\t\t\t\t\t<h1 class=\"elementor-heading-title elementor-size-default\">Politique de confidentialit\u00e9<\/h1>\t\t\t\t<\/div>\n\t\t\t\t<\/div>\n\t\t\t\t<div class=\"elementor-element elementor-element-789c9c6 ob-harakiri-inherit ob-has-background-overlay elementor-widget elementor-widget-text-editor\" data-id=\"789c9c6\" data-element_type=\"widget\" data-e-type=\"widget\" data-settings=\"{&quot;_ob_use_harakiri&quot;:&quot;yes&quot;,&quot;_ob_harakiri_writing_mode&quot;:&quot;inherit&quot;,&quot;_ob_postman_use&quot;:&quot;no&quot;,&quot;_ob_widget_stalker_use&quot;:&quot;no&quot;,&quot;_ob_poopart_use&quot;:&quot;yes&quot;,&quot;_ob_shadough_use&quot;:&quot;no&quot;,&quot;_ob_allow_hoveranimator&quot;:&quot;no&quot;}\" data-widget_type=\"text-editor.default\">\n\t\t\t\t<div class=\"elementor-widget-container\">\n\t\t\t\t\t\t\t\t\t<p>Relentless Method AB est l'entit\u00e9 l\u00e9gale de la marque.<\/p>\n<h5>Quelles sont les informations que nous recueillons ?<\/h5>\n<p>Nous recueillons des informations aupr\u00e8s de vous lorsque vous vous inscrivez sur notre site.<\/p>\n<p>Lors d'une commande ou d'un enregistrement sur notre site, selon le cas, il peut vous \u00eatre demand\u00e9 de saisir votre : nom ou votre adresse \u00e9lectronique. Vous pouvez toutefois visiter notre site de mani\u00e8re anonyme.<\/p>\n<h5>\u00c0 quelles fins utilisons-nous vos informations ?<\/h5>\n<p>Les informations que nous recueillons aupr\u00e8s de vous peuvent \u00eatre utilis\u00e9es de l'une des mani\u00e8res suivantes :<\/p>\n<ul>\n<li>Pour personnaliser votre exp\u00e9rience<br>(vos informations nous aident \u00e0 mieux r\u00e9pondre \u00e0 vos besoins individuels)<\/li>\n<li>Envoyer des courriels p\u00e9riodiques<br>L'adresse \u00e9lectronique que vous fournissez pour vous inscrire ne sera utilis\u00e9e que pour vous envoyer des informations et des mises \u00e0 jour concernant Relentless.<\/li>\n<\/ul>\n<div>\n<p><b>Chiffrement des donn\u00e9es et mesures de s\u00e9curit\u00e9<\/b>:<br>Chez Relentless, nous accordons la priorit\u00e9 \u00e0 la s\u00e9curit\u00e9 et \u00e0 la confidentialit\u00e9 de vos donn\u00e9es. Nous mettons en \u0153uvre des m\u00e9thodes de cryptage et des mesures de s\u00e9curit\u00e9 robustes pour prot\u00e9ger vos informations, en particulier pour les utilisateurs qui connectent leurs comptes Google \u00e0 nos services. Voici un aper\u00e7u de nos pratiques de cryptage :<\/p>\n<\/div>\n<div>\n<p><b>Donn\u00e9es en transit<\/b>: <br>Toutes les donn\u00e9es transmises entre votre appareil et nos serveurs sont crypt\u00e9es \u00e0 l'aide de protocoles TLS (Transport Layer Security) standard. Cela garantit que vos informations restent s\u00e9curis\u00e9es pendant la transmission.<\/p>\n<\/div>\n<div>\n<p><b>Donn\u00e9es au repos<\/b>: <br>Nous utilisons des algorithmes de cryptage puissants pour prot\u00e9ger les donn\u00e9es stock\u00e9es sur nos serveurs. Cela inclut toutes les donn\u00e9es de l'utilisateur de Google que nous conservons, telles que les donn\u00e9es d'activit\u00e9, les mesures du corps et les mesures du sommeil.<\/p>\n<\/div>\n<div>\n<p><b>Contr\u00f4les d'acc\u00e8s<\/b>: <br>Nous utilisons des contr\u00f4les d'acc\u00e8s et des m\u00e9canismes d'authentification stricts pour garantir que seul le personnel autoris\u00e9 peut acc\u00e9der aux donn\u00e9es crypt\u00e9es. Cela permet d'\u00e9viter tout acc\u00e8s non autoris\u00e9 \u00e0 vos informations.<\/p>\n<\/div>\n<div>\n<p><b>Audits de s\u00e9curit\u00e9 r\u00e9guliers<\/b>: <br>Nous proc\u00e9dons r\u00e9guli\u00e8rement \u00e0 des audits de s\u00e9curit\u00e9 et \u00e0 des \u00e9valuations de la vuln\u00e9rabilit\u00e9 afin d'identifier et de corriger les faiblesses potentielles de nos syst\u00e8mes de cryptage et de s\u00e9curit\u00e9.<\/p>\n<\/div>\n<div>\n<p><b>Respect des normes :<br><\/b> Nos pratiques de cryptage sont conformes aux normes et r\u00e9glementations du secteur afin de garantir le plus haut niveau de protection des donn\u00e9es.<\/p>\n<\/div>\n<div>\n<p><b>Contr\u00f4le continu<\/b>: <br>Nous utilisons des syst\u00e8mes de surveillance continue pour d\u00e9tecter les menaces potentielles \u00e0 la s\u00e9curit\u00e9 et y r\u00e9pondre en temps r\u00e9el.<\/p>\n<\/div>\n<div><p>En mettant en \u0153uvre ces mesures de cryptage et de s\u00e9curit\u00e9, nous nous effor\u00e7ons de pr\u00e9server la confidentialit\u00e9 et l'int\u00e9grit\u00e9 de vos donn\u00e9es, y compris toute information partag\u00e9e par le biais des connexions au compte Google. Nous nous engageons \u00e0 am\u00e9liorer en permanence nos pratiques de s\u00e9curit\u00e9 afin de nous adapter \u00e0 l'\u00e9volution des menaces et des technologies.<\/p>\n<\/div>\n<p><b>Health Connect by Android Utilisation des donn\u00e9es<br><\/b>Relentless s'int\u00e8gre \u00e0 Health Connect by Android pour fournir des capacit\u00e9s am\u00e9lior\u00e9es de suivi de la sant\u00e9 et de la condition physique. Lorsque vous choisissez de connecter Relentless \u00e0 Health Connect, nous pouvons collecter et traiter les types de donn\u00e9es suivants:- Donn\u00e9es d'activit\u00e9 physique (par exemple, pas, distance parcourue, calories br\u00fbl\u00e9es)<br>- Mesures corporelles (par exemple, poids, taille, pourcentage de graisse corporelle)<br>- Donn\u00e9es sur le sommeil (par exemple, dur\u00e9e, qualit\u00e9)<br>- Autres indicateurs de sant\u00e9 disponibles par le biais de Health Connect<\/p>\n<p><b>Comment nous utilisons les donn\u00e9es de Health Connect :<\/b><br>Nous utilisons ces donn\u00e9es pour fournir des informations personnalis\u00e9es, suivre vos progr\u00e8s et am\u00e9liorer votre exp\u00e9rience globale avec Relentless. Ces donn\u00e9es sont trait\u00e9es avec la plus grande confidentialit\u00e9 et sont soumises aux m\u00eames mesures rigoureuses de confidentialit\u00e9 et de s\u00e9curit\u00e9 que celles d\u00e9crites dans notre politique g\u00e9n\u00e9rale de confidentialit\u00e9.<\/p>\n<p><b>Protection des donn\u00e9es pour Health Connect :<\/b><br>Toutes les donn\u00e9es collect\u00e9es par le biais de Health Connect sont crypt\u00e9es \u00e0 la fois en transit et au repos, \u00e0 l'aide de protocoles de cryptage conformes aux normes de l'industrie. Nous appliquons des contr\u00f4les d'acc\u00e8s stricts afin de garantir que seul le personnel autoris\u00e9 puisse acc\u00e9der \u00e0 ces donn\u00e9es dans le but de fournir et d'am\u00e9liorer nos services.<\/p>\n<p><b>Droits et contr\u00f4le des utilisateurs :<br><\/b>Vous avez un contr\u00f4le total sur vos donn\u00e9es Health Connect. Vous pouvez consulter, modifier ou supprimer ces donn\u00e9es \u00e0 tout moment dans les param\u00e8tres Health Connect de votre appareil ou dans l'application Relentless. Vous pouvez \u00e9galement r\u00e9voquer l'acc\u00e8s de Relentless aux donn\u00e9es Health Connect \u00e0 tout moment.<\/p>\n<p><b>Conservation et suppression :<br><\/b>Nous ne conservons les donn\u00e9es de Health Connect que le temps n\u00e9cessaire \u00e0 la fourniture de nos services. Si vous choisissez de d\u00e9connecter Relentless de Health Connect ou de supprimer votre compte Relentless, toutes les donn\u00e9es Health Connect associ\u00e9es seront rapidement supprim\u00e9es de nos syst\u00e8mes.<\/p><p><b>Modifications de l'utilisation des donn\u00e9es de Health Connect :<\/b><\/p>\n<p>Toute modification de la mani\u00e8re dont nous collectons, utilisons ou partageons les donn\u00e9es de Health Connect sera communiqu\u00e9e par le biais de mises \u00e0 jour de la pr\u00e9sente politique de confidentialit\u00e9.&nbsp;<\/p>\n<p>En connectant Relentless \u00e0 Health Connect, vous reconnaissez et acceptez ces pratiques de traitement des donn\u00e9es.<\/p>\n<p><b>Chiffrement des donn\u00e9es et mesures de s\u00e9curit\u00e9<br><\/b>Chez Relentless, nous accordons la priorit\u00e9 \u00e0 la s\u00e9curit\u00e9 et \u00e0 la confidentialit\u00e9 de vos donn\u00e9es. Nous mettons en \u0153uvre des m\u00e9thodes de cryptage et des mesures de s\u00e9curit\u00e9 robustes pour prot\u00e9ger vos informations, en particulier pour les utilisateurs qui connectent leurs comptes Google \u00e0 nos services. Voici un aper\u00e7u de nos pratiques de cryptage :<\/p>\n<p><b>Donn\u00e9es en transit :<\/b> <br>Toutes les donn\u00e9es transmises entre votre appareil et nos serveurs sont crypt\u00e9es \u00e0 l'aide de protocoles TLS (Transport Layer Security) standard. Cela garantit que vos informations restent s\u00e9curis\u00e9es pendant la transmission.<\/p>\n<p><b>Donn\u00e9es au repos :<\/b> <br>Nous utilisons des algorithmes de cryptage puissants pour prot\u00e9ger les donn\u00e9es stock\u00e9es sur nos serveurs. Cela inclut toutes les donn\u00e9es de l'utilisateur de Google que nous conservons, telles que les donn\u00e9es d'activit\u00e9, les mesures du corps et les mesures du sommeil.<\/p>\n<p><b>Contr\u00f4les d'acc\u00e8s : <br><\/b>Nous utilisons des contr\u00f4les d'acc\u00e8s et des m\u00e9canismes d'authentification stricts pour garantir que seul le personnel autoris\u00e9 peut acc\u00e9der aux donn\u00e9es crypt\u00e9es. Cela permet d'\u00e9viter tout acc\u00e8s non autoris\u00e9 \u00e0 vos informations.<\/p>\n<p><b>Audits de s\u00e9curit\u00e9 r\u00e9guliers :<\/b> <br>Nous proc\u00e9dons r\u00e9guli\u00e8rement \u00e0 des audits de s\u00e9curit\u00e9 et \u00e0 des \u00e9valuations de la vuln\u00e9rabilit\u00e9 afin d'identifier et de corriger les faiblesses potentielles de nos syst\u00e8mes de cryptage et de s\u00e9curit\u00e9.<\/p>\n<p><b>Respect des normes :<br><\/b> Nos pratiques de cryptage sont conformes aux normes et r\u00e9glementations du secteur afin de garantir le plus haut niveau de protection des donn\u00e9es.<\/p>\n<p><b>Contr\u00f4le continu :<\/b>&nbsp;<br>Nous utilisons des syst\u00e8mes de surveillance continue pour d\u00e9tecter les menaces potentielles \u00e0 la s\u00e9curit\u00e9 et y r\u00e9pondre en temps r\u00e9el.<\/p>\n<p>En mettant en \u0153uvre ces mesures de cryptage et de s\u00e9curit\u00e9, nous nous effor\u00e7ons de pr\u00e9server la confidentialit\u00e9 et l'int\u00e9grit\u00e9 de vos donn\u00e9es, y compris toute information partag\u00e9e par le biais des connexions au compte Google. Nous nous engageons \u00e0 am\u00e9liorer en permanence nos pratiques de s\u00e9curit\u00e9 afin de nous adapter \u00e0 l'\u00e9volution des menaces et des technologies.<\/p>\n<h5>Utilisons-nous des cookies ?<\/h5>\n<p>Oui (les cookies sont de petits fichiers qu'un site ou son fournisseur de services transf\u00e8re sur le disque dur de votre ordinateur par l'interm\u00e9diaire de votre navigateur Web (si vous l'autorisez), ce qui permet aux syst\u00e8mes du site ou du fournisseur de services de reconna\u00eetre votre navigateur et de capturer et m\u00e9moriser certaines informations.<\/p>\n<p>Nous utilisons des cookies pour comprendre et enregistrer vos pr\u00e9f\u00e9rences pour vos prochaines visites.<\/p>\n<h5>Divulguons-nous des informations \u00e0 des tiers ?<\/h5>\n<p>Nous ne vendons pas, n'\u00e9changeons pas et ne transf\u00e9rons pas de quelque mani\u00e8re que ce soit \u00e0 des tiers vos informations personnelles identifiables. Cela n'inclut pas les tiers de confiance qui nous aident \u00e0 exploiter notre site web, \u00e0 mener nos activit\u00e9s ou \u00e0 vous fournir des services, pour autant que ces parties acceptent de garder ces informations confidentielles. Nous pouvons \u00e9galement divulguer vos informations lorsque nous estimons qu'il est appropri\u00e9 de le faire pour respecter la loi, appliquer les politiques de notre site ou prot\u00e9ger nos droits, notre propri\u00e9t\u00e9 ou notre s\u00e9curit\u00e9, ainsi que ceux d'autres personnes. Toutefois, des informations non personnellement identifiables sur les visiteurs peuvent \u00eatre fournies \u00e0 d'autres parties \u00e0 des fins de marketing, de publicit\u00e9 ou autres.<\/p>\n<h5>Confidentialit\u00e9 des paiements par carte de cr\u00e9dit<\/h5>\n<p>Nous utilisons des m\u00e9thodes de paiement s\u00e9curis\u00e9es avec des cartes de cr\u00e9dit via Swedbank Pay, Stripe et Klarna. Toutes les transactions utilisent le code de s\u00e9curit\u00e9 CVV\/CVV2. Swedbank Pay utilise 3D-secure. Nous ne collectons pas les d\u00e9tails de votre carte de cr\u00e9dit, cela est enti\u00e8rement g\u00e9r\u00e9 par Swedbank Pay.<\/p>\n<p>Copyright \u00a9 2024 Relentless Method<\/p>\t\t\t\t\t\t\t\t<\/div>\n\t\t\t\t<\/div>\n\t\t\t\t\t<\/div>\n\t\t<\/div>\n\t\t\t\t\t<\/div>\n\t\t<\/section>\n\t\t\t\t<\/div>","protected":false},"excerpt":{"rendered":"<p>Privacy Policy Relentless Method AB is the legal entity of the brand. What information do we collect? We collect information from you when you register on our site. When ordering or registering on our site, as appropriate, you may be asked to enter your: name or e-mail address. You may, however, visit our site anonymously. [&hellip;]<\/p>","protected":false},"author":711,"featured_media":0,"parent":0,"menu_order":16,"comment_status":"closed","ping_status":"closed","template":"","meta":{"_acf_changed":false,"inline_featured_image":false,"footnotes":""},"class_list":["post-9221","page","type-page","status-publish","hentry"],"acf":[],"publishpress_future_action":{"enabled":false,"date":"2026-04-27 05:05:00","action":"change-status","newStatus":"draft","terms":[],"taxonomy":""},"_links":{"self":[{"href":"https:\/\/www.relentlessmethod.com\/fr\/wp-json\/wp\/v2\/pages\/9221"}],"collection":[{"href":"https:\/\/www.relentlessmethod.com\/fr\/wp-json\/wp\/v2\/pages"}],"about":[{"href":"https:\/\/www.relentlessmethod.com\/fr\/wp-json\/wp\/v2\/types\/page"}],"author":[{"embeddable":true,"href":"https:\/\/www.relentlessmethod.com\/fr\/wp-json\/wp\/v2\/users\/711"}],"replies":[{"embeddable":true,"href":"https:\/\/www.relentlessmethod.com\/fr\/wp-json\/wp\/v2\/comments?post=9221"}],"version-history":[{"count":22,"href":"https:\/\/www.relentlessmethod.com\/fr\/wp-json\/wp\/v2\/pages\/9221\/revisions"}],"predecessor-version":[{"id":15154,"href":"https:\/\/www.relentlessmethod.com\/fr\/wp-json\/wp\/v2\/pages\/9221\/revisions\/15154"}],"wp:attachment":[{"href":"https:\/\/www.relentlessmethod.com\/fr\/wp-json\/wp\/v2\/media?parent=9221"}],"curies":[{"name":"wp","href":"https:\/\/api.w.org\/{rel}","templated":true}]}}