{"id":9221,"date":"2022-09-22T12:24:07","date_gmt":"2022-09-22T10:24:07","guid":{"rendered":"https:\/\/www.relentlessmethod.com\/rm-2-0\/?page_id=9221"},"modified":"2024-08-16T13:34:48","modified_gmt":"2024-08-16T11:34:48","slug":"privacy-policy","status":"publish","type":"page","link":"https:\/\/www.relentlessmethod.com\/sv\/privacy-policy\/","title":{"rendered":"Integritetspolicy"},"content":{"rendered":"<div data-elementor-type=\"wp-page\" data-elementor-id=\"9221\" class=\"elementor elementor-9221\" data-elementor-post-type=\"page\">\n\t\t\t\t\t\t<section data-particle_enable=\"false\" data-particle-mobile-disabled=\"false\" class=\"elementor-section elementor-top-section elementor-element elementor-element-b28d83e elementor-section-boxed elementor-section-height-default elementor-section-height-default\" data-id=\"b28d83e\" data-element_type=\"section\" data-e-type=\"section\" data-settings=\"{&quot;_ob_glider_is_slider&quot;:&quot;no&quot;}\">\n\t\t\t\t\t\t<div class=\"elementor-container elementor-column-gap-default\">\n\t\t\t\t\t<div class=\"elementor-column elementor-col-100 elementor-top-column elementor-element elementor-element-501a60b\" data-id=\"501a60b\" data-element_type=\"column\" data-e-type=\"column\" data-settings=\"{&quot;_ob_column_hoveranimator&quot;:&quot;no&quot;,&quot;_ob_column_has_pseudo&quot;:&quot;no&quot;}\">\n\t\t\t<div class=\"elementor-widget-wrap elementor-element-populated\">\n\t\t\t\t\t\t<div class=\"elementor-element elementor-element-1af0e3f ob-harakiri-inherit ob-has-background-overlay elementor-widget elementor-widget-heading\" data-id=\"1af0e3f\" data-element_type=\"widget\" data-e-type=\"widget\" data-settings=\"{&quot;_ob_use_harakiri&quot;:&quot;yes&quot;,&quot;_ob_harakiri_writing_mode&quot;:&quot;inherit&quot;,&quot;_ob_harakiri_text_clip&quot;:&quot;none&quot;,&quot;_ob_widget_stalker_use&quot;:&quot;no&quot;,&quot;_ob_poopart_use&quot;:&quot;yes&quot;,&quot;_ob_shadough_use&quot;:&quot;no&quot;,&quot;_ob_allow_hoveranimator&quot;:&quot;no&quot;}\" data-widget_type=\"heading.default\">\n\t\t\t\t<div class=\"elementor-widget-container\">\n\t\t\t\t\t<h1 class=\"elementor-heading-title elementor-size-default\">Integritetspolicy<\/h1>\t\t\t\t<\/div>\n\t\t\t\t<\/div>\n\t\t\t\t<div class=\"elementor-element elementor-element-789c9c6 ob-harakiri-inherit ob-has-background-overlay elementor-widget elementor-widget-text-editor\" data-id=\"789c9c6\" data-element_type=\"widget\" data-e-type=\"widget\" data-settings=\"{&quot;_ob_use_harakiri&quot;:&quot;yes&quot;,&quot;_ob_harakiri_writing_mode&quot;:&quot;inherit&quot;,&quot;_ob_postman_use&quot;:&quot;no&quot;,&quot;_ob_widget_stalker_use&quot;:&quot;no&quot;,&quot;_ob_poopart_use&quot;:&quot;yes&quot;,&quot;_ob_shadough_use&quot;:&quot;no&quot;,&quot;_ob_allow_hoveranimator&quot;:&quot;no&quot;}\" data-widget_type=\"text-editor.default\">\n\t\t\t\t<div class=\"elementor-widget-container\">\n\t\t\t\t\t\t\t\t\t<p>Relentless Method AB \u00e4r den juridiska personen f\u00f6r varum\u00e4rket.<\/p>\n<h5>Vilken information samlar vi in?<\/h5>\n<p>Vi samlar in information fr\u00e5n dig n\u00e4r du registrerar dig p\u00e5 v\u00e5r webbplats.<\/p>\n<p>N\u00e4r du best\u00e4ller eller registrerar dig p\u00e5 v\u00e5r webbplats kan du bli ombedd att ange ditt namn eller din e-postadress. Du kan dock bes\u00f6ka v\u00e5r webbplats anonymt.<\/p>\n<h5>Vad anv\u00e4nder vi din information till?<\/h5>\n<p>All information som vi samlar in fr\u00e5n dig kan anv\u00e4ndas p\u00e5 n\u00e5got av f\u00f6ljande s\u00e4tt:<\/p>\n<ul>\n<li>F\u00f6r att anpassa din upplevelse<br>(din information hj\u00e4lper oss att b\u00e4ttre svara p\u00e5 dina individuella behov)<\/li>\n<li>F\u00f6r att skicka periodiska e-postmeddelanden<br>Den e-postadress som du anger vid registreringen kommer endast att anv\u00e4ndas f\u00f6r att skicka information och uppdateringar om Relentless till dig.<\/li>\n<\/ul>\n<div>\n<p><b>Datakryptering och s\u00e4kerhets\u00e5tg\u00e4rder<\/b>:<br>P\u00e5 Relentless prioriterar vi s\u00e4kerheten och sekretessen f\u00f6r dina uppgifter. Vi implementerar robusta krypteringsmetoder och s\u00e4kerhets\u00e5tg\u00e4rder f\u00f6r att skydda din information, s\u00e4rskilt f\u00f6r anv\u00e4ndare som ansluter sina Google-konton till v\u00e5ra tj\u00e4nster. H\u00e4r \u00e4r en \u00f6versikt \u00f6ver v\u00e5ra krypteringsmetoder:<\/p>\n<\/div>\n<div>\n<p><b>Data i transit<\/b>: <br>All data som \u00f6verf\u00f6rs mellan din enhet och v\u00e5ra servrar krypteras med hj\u00e4lp av TLS-protokoll (Transport Layer Security) som \u00e4r branschstandard. Detta s\u00e4kerst\u00e4ller att din information f\u00f6rblir s\u00e4ker under \u00f6verf\u00f6ringen.<\/p>\n<\/div>\n<div>\n<p><b>Data i vila<\/b>: <br>Vi anv\u00e4nder starka krypteringsalgoritmer f\u00f6r att skydda data som lagras p\u00e5 v\u00e5ra servrar. Detta inkluderar alla Google-anv\u00e4ndardata som vi lagrar, t.ex. aktivitetsdata, kroppsm\u00e4tningar och s\u00f6mnm\u00e4tningar.<\/p>\n<\/div>\n<div>\n<p><b>\u00c5tkomstkontroll<\/b>: <br>Vi anv\u00e4nder strikta \u00e5tkomstkontroller och autentiseringsmekanismer f\u00f6r att s\u00e4kerst\u00e4lla att endast beh\u00f6rig personal har \u00e5tkomst till krypterade data. Detta bidrar till att f\u00f6rhindra obeh\u00f6rig \u00e5tkomst till din information.<\/p>\n<\/div>\n<div>\n<p><b>Regelbundna s\u00e4kerhetsgranskningar<\/b>: <br>Vi genomf\u00f6r regelbundet s\u00e4kerhetsrevisioner och s\u00e5rbarhetsanalyser f\u00f6r att identifiera och \u00e5tg\u00e4rda potentiella svagheter i v\u00e5ra krypterings- och s\u00e4kerhetssystem.<\/p>\n<\/div>\n<div>\n<p><b>\u00d6verensst\u00e4mmelse med standarder:<br><\/b> V\u00e5ra krypteringsrutiner f\u00f6ljer branschstandarder och best\u00e4mmelser f\u00f6r att s\u00e4kerst\u00e4lla h\u00f6gsta m\u00f6jliga niv\u00e5 av dataskydd.<\/p>\n<\/div>\n<div>\n<p><b>Kontinuerlig \u00f6vervakning<\/b>: <br>Vi anv\u00e4nder system f\u00f6r kontinuerlig \u00f6vervakning f\u00f6r att uppt\u00e4cka och reagera p\u00e5 potentiella s\u00e4kerhetshot i realtid.<\/p>\n<\/div>\n<div><p>Genom att implementera dessa krypterings- och s\u00e4kerhets\u00e5tg\u00e4rder str\u00e4var vi efter att uppr\u00e4tth\u00e5lla sekretessen och integriteten f\u00f6r dina data, inklusive all information som delas via Google-kontoanslutningar. Vi str\u00e4var efter att kontinuerligt f\u00f6rb\u00e4ttra v\u00e5ra s\u00e4kerhetsmetoder f\u00f6r att anpassa oss till hot och teknik som utvecklas.<\/p>\n<\/div>\n<p><b>Dataanv\u00e4ndning f\u00f6r Health Connect via Android<br><\/b>Relentless integreras med Health Connect by Android f\u00f6r att tillhandah\u00e5lla f\u00f6rb\u00e4ttrade funktioner f\u00f6r h\u00e4lso- och fitnesssp\u00e5rning. N\u00e4r du v\u00e4ljer att ansluta Relentless till Health Connect kan vi samla in och behandla f\u00f6ljande typer av data:- Data om fysisk aktivitet (t.ex. steg, tillryggalagd str\u00e4cka, f\u00f6rbr\u00e4nda kalorier)<br>- Kroppsm\u00e5tt (t.ex. vikt, l\u00e4ngd, fettprocent)<br>- S\u00f6mndata (t.ex. varaktighet, kvalitet)<br>- Andra h\u00e4lsorelaterade m\u00e4tv\u00e4rden tillg\u00e4ngliga via Health Connect<\/p>\n<p><b>Hur vi anv\u00e4nder Health Connect-data:<\/b><br>Vi anv\u00e4nder dessa uppgifter f\u00f6r att tillhandah\u00e5lla personliga insikter, sp\u00e5ra dina framsteg och f\u00f6rb\u00e4ttra din \u00f6vergripande upplevelse av Relentless. Dessa uppgifter behandlas med st\u00f6rsta m\u00f6jliga sekretess och omfattas av samma strikta sekretess- och s\u00e4kerhets\u00e5tg\u00e4rder som beskrivs i v\u00e5r allm\u00e4nna sekretesspolicy.<\/p>\n<p><b>Dataskydd f\u00f6r Health Connect:<\/b><br>Alla data som samlas in via Health Connect krypteras b\u00e5de under transport och i vila, med hj\u00e4lp av krypteringsprotokoll som \u00e4r branschstandard. Vi anv\u00e4nder strikta \u00e5tkomstkontroller f\u00f6r att s\u00e4kerst\u00e4lla att endast beh\u00f6rig personal har \u00e5tkomst till dessa uppgifter i syfte att tillhandah\u00e5lla och f\u00f6rb\u00e4ttra v\u00e5ra tj\u00e4nster.<\/p>\n<p><b>Anv\u00e4ndarr\u00e4ttigheter och kontroll:<br><\/b>Du har full kontroll \u00f6ver dina Health Connect-data. Du kan granska, redigera eller radera dessa data n\u00e4r som helst via inst\u00e4llningarna f\u00f6r Health Connect p\u00e5 din enhet eller i Relentless-appen. Du kan ocks\u00e5 n\u00e4r som helst \u00e5terkalla Relentless \u00e5tkomst till Health Connect-data.<\/p>\n<p><b>Bevarande och radering:<br><\/b>Vi beh\u00e5ller Health Connect-data endast s\u00e5 l\u00e4nge som det \u00e4r n\u00f6dv\u00e4ndigt f\u00f6r att tillhandah\u00e5lla v\u00e5ra tj\u00e4nster. Om du v\u00e4ljer att koppla bort Relentless fr\u00e5n Health Connect eller radera ditt Relentless-konto, kommer alla tillh\u00f6rande Health Connect-data omedelbart att raderas fr\u00e5n v\u00e5ra system.<\/p><p><b>\u00c4ndringar i anv\u00e4ndningen av Health Connect-data:<\/b><\/p>\n<p>Eventuella \u00e4ndringar av hur vi samlar in, anv\u00e4nder eller delar Health Connect-data kommer att meddelas genom uppdateringar av denna sekretesspolicy.&nbsp;<\/p>\n<p>Genom att ansluta Relentless till Health Connect bekr\u00e4ftar och godk\u00e4nner du dessa datahanteringsrutiner.<\/p>\n<p><b>Datakryptering och s\u00e4kerhets\u00e5tg\u00e4rder<br><\/b>P\u00e5 Relentless prioriterar vi s\u00e4kerheten och sekretessen f\u00f6r dina uppgifter. Vi implementerar robusta krypteringsmetoder och s\u00e4kerhets\u00e5tg\u00e4rder f\u00f6r att skydda din information, s\u00e4rskilt f\u00f6r anv\u00e4ndare som ansluter sina Google-konton till v\u00e5ra tj\u00e4nster. H\u00e4r \u00e4r en \u00f6versikt \u00f6ver v\u00e5ra krypteringsmetoder:<\/p>\n<p><b>Data i transit:<\/b> <br>All data som \u00f6verf\u00f6rs mellan din enhet och v\u00e5ra servrar krypteras med hj\u00e4lp av TLS-protokoll (Transport Layer Security) som \u00e4r branschstandard. Detta s\u00e4kerst\u00e4ller att din information f\u00f6rblir s\u00e4ker under \u00f6verf\u00f6ringen.<\/p>\n<p><b>Data i vila:<\/b> <br>Vi anv\u00e4nder starka krypteringsalgoritmer f\u00f6r att skydda data som lagras p\u00e5 v\u00e5ra servrar. Detta inkluderar alla Google-anv\u00e4ndardata som vi lagrar, t.ex. aktivitetsdata, kroppsm\u00e4tningar och s\u00f6mnm\u00e4tningar.<\/p>\n<p><b>\u00c5tkomstkontroll: <br><\/b>Vi anv\u00e4nder strikta \u00e5tkomstkontroller och autentiseringsmekanismer f\u00f6r att s\u00e4kerst\u00e4lla att endast beh\u00f6rig personal har \u00e5tkomst till krypterade data. Detta bidrar till att f\u00f6rhindra obeh\u00f6rig \u00e5tkomst till din information.<\/p>\n<p><b>Regelbundna s\u00e4kerhetsgranskningar:<\/b> <br>Vi genomf\u00f6r regelbundet s\u00e4kerhetsrevisioner och s\u00e5rbarhetsanalyser f\u00f6r att identifiera och \u00e5tg\u00e4rda potentiella svagheter i v\u00e5ra krypterings- och s\u00e4kerhetssystem.<\/p>\n<p><b>\u00d6verensst\u00e4mmelse med standarder:<br><\/b> V\u00e5ra krypteringsrutiner f\u00f6ljer branschstandarder och best\u00e4mmelser f\u00f6r att s\u00e4kerst\u00e4lla h\u00f6gsta m\u00f6jliga niv\u00e5 av dataskydd.<\/p>\n<p><b>Kontinuerlig \u00f6vervakning:<\/b>&nbsp;<br>Vi anv\u00e4nder system f\u00f6r kontinuerlig \u00f6vervakning f\u00f6r att uppt\u00e4cka och reagera p\u00e5 potentiella s\u00e4kerhetshot i realtid.<\/p>\n<p>Genom att implementera dessa krypterings- och s\u00e4kerhets\u00e5tg\u00e4rder str\u00e4var vi efter att uppr\u00e4tth\u00e5lla sekretessen och integriteten f\u00f6r dina data, inklusive all information som delas via Google-kontoanslutningar. Vi str\u00e4var efter att kontinuerligt f\u00f6rb\u00e4ttra v\u00e5ra s\u00e4kerhetsmetoder f\u00f6r att anpassa oss till hot och teknik som utvecklas.<\/p>\n<h5>Anv\u00e4nder vi cookies?<\/h5>\n<p>Ja (Cookies \u00e4r sm\u00e5 filer som en webbplats eller dess tj\u00e4nsteleverant\u00f6r \u00f6verf\u00f6r till din dators h\u00e5rddisk via din webbl\u00e4sare (om du till\u00e5ter det) som g\u00f6r det m\u00f6jligt f\u00f6r webbplatserna eller tj\u00e4nsteleverant\u00f6rernas system att k\u00e4nna igen din webbl\u00e4sare och samla in och komma ih\u00e5g viss information<\/p>\n<p>Vi anv\u00e4nder cookies f\u00f6r att f\u00f6rst\u00e5 och spara dina preferenser f\u00f6r framtida bes\u00f6k.<\/p>\n<h5>L\u00e4mnar vi ut n\u00e5gon information till utomst\u00e5ende parter?<\/h5>\n<p>Vi s\u00e4ljer, byter eller p\u00e5 annat s\u00e4tt \u00f6verf\u00f6r inte din personligt identifierbara information till utomst\u00e5ende parter. Detta inkluderar inte betrodda tredje parter som hj\u00e4lper oss att driva v\u00e5r webbplats, bedriva v\u00e5r verksamhet eller betj\u00e4na dig, s\u00e5 l\u00e4nge dessa parter samtycker till att h\u00e5lla denna information konfidentiell. Vi kan ocks\u00e5 l\u00e4mna ut din information n\u00e4r vi anser att det \u00e4r l\u00e4mpligt f\u00f6r att f\u00f6lja lagen, genomdriva v\u00e5r webbplats policy eller skydda v\u00e5ra eller andras r\u00e4ttigheter, egendom eller s\u00e4kerhet. Icke-personligt identifierbar information om bes\u00f6kare kan dock l\u00e4mnas till andra parter f\u00f6r marknadsf\u00f6ring, reklam eller annan anv\u00e4ndning.<\/p>\n<h5>Sekretess f\u00f6r kreditkortsbetalningar<\/h5>\n<p>Vi anv\u00e4nder s\u00e4kra betalningsmetoder med kreditkort genom Swedbank Pay, Stripe och Klarna. Alla transaktioner anv\u00e4nder CVV\/CVV2 s\u00e4kerhetskod. Swedbank Pay anv\u00e4nder 3D-secure. Vi samlar inte in dina kreditkortsuppgifter, det sk\u00f6ts helt och h\u00e5llet av Swedbank Pay.<\/p>\n<p>Copyright \u00a9 2024 Relentless Method<\/p>\t\t\t\t\t\t\t\t<\/div>\n\t\t\t\t<\/div>\n\t\t\t\t\t<\/div>\n\t\t<\/div>\n\t\t\t\t\t<\/div>\n\t\t<\/section>\n\t\t\t\t<\/div>","protected":false},"excerpt":{"rendered":"<p>Privacy Policy Relentless Method AB is the legal entity of the brand. What information do we collect? We collect information from you when you register on our site. When ordering or registering on our site, as appropriate, you may be asked to enter your: name or e-mail address. You may, however, visit our site anonymously. [&hellip;]<\/p>","protected":false},"author":711,"featured_media":0,"parent":0,"menu_order":16,"comment_status":"closed","ping_status":"closed","template":"","meta":{"_acf_changed":false,"inline_featured_image":false,"footnotes":""},"class_list":["post-9221","page","type-page","status-publish","hentry"],"acf":[],"publishpress_future_action":{"enabled":false,"date":"2026-04-27 04:59:25","action":"change-status","newStatus":"draft","terms":[],"taxonomy":""},"_links":{"self":[{"href":"https:\/\/www.relentlessmethod.com\/sv\/wp-json\/wp\/v2\/pages\/9221"}],"collection":[{"href":"https:\/\/www.relentlessmethod.com\/sv\/wp-json\/wp\/v2\/pages"}],"about":[{"href":"https:\/\/www.relentlessmethod.com\/sv\/wp-json\/wp\/v2\/types\/page"}],"author":[{"embeddable":true,"href":"https:\/\/www.relentlessmethod.com\/sv\/wp-json\/wp\/v2\/users\/711"}],"replies":[{"embeddable":true,"href":"https:\/\/www.relentlessmethod.com\/sv\/wp-json\/wp\/v2\/comments?post=9221"}],"version-history":[{"count":22,"href":"https:\/\/www.relentlessmethod.com\/sv\/wp-json\/wp\/v2\/pages\/9221\/revisions"}],"predecessor-version":[{"id":15154,"href":"https:\/\/www.relentlessmethod.com\/sv\/wp-json\/wp\/v2\/pages\/9221\/revisions\/15154"}],"wp:attachment":[{"href":"https:\/\/www.relentlessmethod.com\/sv\/wp-json\/wp\/v2\/media?parent=9221"}],"curies":[{"name":"wp","href":"https:\/\/api.w.org\/{rel}","templated":true}]}}